{"id":168,"date":"2024-06-06T10:13:36","date_gmt":"2024-06-06T10:13:36","guid":{"rendered":"https:\/\/www.rysie.hmcloud.pl\/?page_id=168"},"modified":"2024-07-02T12:21:11","modified_gmt":"2024-07-02T12:21:11","slug":"biblioteka-genotypow-rysi","status":"publish","type":"page","link":"https:\/\/rysie.org\/en\/biblioteka-genotypow-rysi\/","title":{"rendered":"Biblioteka genotyp\u00f3w rysi"},"content":{"rendered":"\n<p><\/p>\n\n\n\n<div class=\"wp-block-columns is-layout-flex wp-container-core-columns-is-layout-1 wp-block-columns-is-layout-flex\">\n<div class=\"wp-block-column is-layout-flow wp-block-column-is-layout-flow\">\n<p>W ramach Projektu dzia\u0142a \u201cBiblioteka genotyp\u00f3w rysia eurazjatyckiego\u201d. Bibliotek\u0119 stanowi\u0105 skatalogowane dane genetyczne w 18-20 autosomalnych loci mikrosatelitarnych oraz sekwencje oko\u0142o 700 par zasad regionu kontrolnego w mitochondrialnym DNA wszystkich przebadanych do tej pory rysi uczestnicz\u0105cych w projektach WWF Polska i ZTP, genotyp\u00f3w uzyskanych w ramach realizacji niniejszego projektu oraz genotyp\u00f3w w loci mikrosatelitarnych oko\u0142o 160-180 rysi pochodz\u0105cych z kilku r\u00f3\u017cnych populacji w obr\u0119bie ca\u0142ego zasi\u0119gu wyst\u0119powania gatunku w Eurazji, z ich pr\u00f3bek pochodz\u0105cych z innych projekt\u00f3w naukowych. Biblioteka prowadzona jest w j\u0119zyku angielskim i b\u0119dzie systematycznie uzupe\u0142niana o kolejne pr\u00f3bki przez ca\u0142y czas trwania projektu i po jego zako\u0144czeniu, przewiduje si\u0119 jej uzupe\u0142nienie danymi kolejnych zwierz\u0105t, otrzymanymi w zamian za korzystanie z zasob\u00f3w, tak\u017ce danymi z innych populacji europejskich i azjatyckich.<\/p>\n\n\n\n<p>Zgodnie z wymogami Konwencji z Aarhus baza danych b\u0119dzie udost\u0119pniana zainteresowanym podmiotom w celu identyfikacji rysi, oceny ich przynale\u017cno\u015bci do poszczeg\u00f3lnych populacji oraz dzia\u0142a\u0144 niezb\u0119dnych do realizacji program\u00f3w ochrony gatunku ex situ i in situ oraz jako dane referencyjne dla innych populacji tego gatunku i stanowi\u0107 b\u0119dzie element tzw. dobrej praktyki w tego typu badaniach.<\/p>\n\n\n\n<p>Aby uzyska\u0107 dost\u0119p do Biblioteki genotyp\u00f3w rysi nale\u017cy wype\u0142ni\u0107 formularz kontaktowy, w kt\u00f3rym niezb\u0119dne jest podanie celu u\u017cycia tych danych oraz dane kontaktowe, kt\u00f3re zostan\u0105 wykorzystane w celu weryfikacji.<\/p>\n<\/div>\n\n\n\n<div class=\"wp-block-column is-layout-flow wp-block-column-is-layout-flow\">\n<style id=\"wpforms-css-vars-1378\">\n\t\t\t\t#wpforms-1378 {\n\t\t\t\t\n\t\t\t}\n\t\t\t<\/style><div class=\"wpforms-container wpforms-container-full wpforms-render-modern\" id=\"wpforms-1378\"><form id=\"wpforms-form-1378\" class=\"wpforms-validate wpforms-form wpforms-ajax-form\" data-formid=\"1378\" method=\"post\" enctype=\"multipart\/form-data\" action=\"\/en\/wp-json\/wp\/v2\/pages\/168\" data-token=\"f7a45a0bd7e01311b93e635e08098dbb\" data-token-time=\"1776506332\"><noscript class=\"wpforms-error-noscript\">Please enable JavaScript in your browser to complete this form.<\/noscript><div id=\"wpforms-error-noscript\" style=\"display: none;\">Please enable JavaScript in your browser to complete this form.<\/div><div class=\"wpforms-field-container\"><div id=\"wpforms-1378-field_1-container\" class=\"wpforms-field wpforms-field-name\" data-field-id=\"1\"><fieldset><legend class=\"wpforms-field-label\">Imi\u0119 i nazwisko <span class=\"wpforms-required-label\" aria-hidden=\"true\">*<\/span><\/legend><div class=\"wpforms-field-row wpforms-field-medium\"><div class=\"wpforms-field-row-block wpforms-first wpforms-one-half\"><input type=\"text\" id=\"wpforms-1378-field_1\" class=\"wpforms-field-name-first wpforms-field-required\" name=\"wpforms[fields][1][first]\" aria-errormessage=\"wpforms-1378-field_1-error\" required><label for=\"wpforms-1378-field_1\" class=\"wpforms-field-sublabel after\">First<\/label><\/div><div class=\"wpforms-field-row-block wpforms-one-half\"><input type=\"text\" id=\"wpforms-1378-field_1-last\" class=\"wpforms-field-name-last wpforms-field-required\" name=\"wpforms[fields][1][last]\" aria-errormessage=\"wpforms-1378-field_1-last-error\" required><label for=\"wpforms-1378-field_1-last\" class=\"wpforms-field-sublabel after\">Last<\/label><\/div><\/div><\/fieldset><\/div><div id=\"wpforms-1378-field_2-container\" class=\"wpforms-field wpforms-field-email\" data-field-id=\"2\"><label class=\"wpforms-field-label\" for=\"wpforms-1378-field_2\">Adres e-mail <span class=\"wpforms-required-label\" aria-hidden=\"true\">*<\/span><\/label><input type=\"email\" id=\"wpforms-1378-field_2\" class=\"wpforms-field-medium wpforms-field-required\" name=\"wpforms[fields][2]\" spellcheck=\"false\" aria-errormessage=\"wpforms-1378-field_2-error\" required><\/div><div id=\"wpforms-1378-field_3-container\" class=\"wpforms-field wpforms-field-number\" data-field-id=\"3\"><label class=\"wpforms-field-label\" for=\"wpforms-1378-field_3\">Numer telefonu<\/label><input type=\"number\" id=\"wpforms-1378-field_3\" class=\"wpforms-field-medium\" name=\"wpforms[fields][3]\" step=\"any\" aria-errormessage=\"wpforms-1378-field_3-error\" ><\/div><div id=\"wpforms-1378-field_4-container\" class=\"wpforms-field wpforms-field-textarea\" data-field-id=\"4\"><label class=\"wpforms-field-label\" for=\"wpforms-1378-field_4\">Tre\u015b\u0107 <span class=\"wpforms-required-label\" aria-hidden=\"true\">*<\/span><\/label><textarea id=\"wpforms-1378-field_4\" class=\"wpforms-field-medium wpforms-field-required\" name=\"wpforms[fields][4]\" aria-errormessage=\"wpforms-1378-field_4-error\" required><\/textarea><\/div><\/div><!-- .wpforms-field-container --><div class=\"wpforms-submit-container\" ><input type=\"hidden\" name=\"wpforms[id]\" value=\"1378\"><input type=\"hidden\" name=\"page_title\" value=\"\"><input type=\"hidden\" name=\"page_url\" value=\"https:\/\/rysie.org\/en\/wp-json\/wp\/v2\/pages\/168\"><input type=\"hidden\" name=\"url_referer\" value=\"\"><button type=\"submit\" name=\"wpforms[submit]\" id=\"wpforms-submit-1378\" class=\"wpforms-submit\" data-alt-text=\"Wysy\u0142anie...\" data-submit-text=\"Prze\u015blij\" aria-live=\"assertive\" value=\"wpforms-submit\">Prze\u015blij<\/button><img loading=\"lazy\" decoding=\"async\" src=\"https:\/\/rysie.org\/wp-content\/plugins\/wpforms-lite\/assets\/images\/submit-spin.svg\" class=\"wpforms-submit-spinner\" style=\"display: none;\" width=\"26\" height=\"26\" alt=\"Loading\"><\/div><\/form><\/div>  <!-- .wpforms-container -->\n<\/div>\n<\/div>\n\n\n\n<br><br><br>\n","protected":false},"excerpt":{"rendered":"<p>W ramach Projektu dzia\u0142a \u201cBiblioteka genotyp\u00f3w rysia eurazjatyckiego\u201d. Bibliotek\u0119 stanowi\u0105 skatalogowane dane genetyczne w 18-20 autosomalnych loci mikrosatelitarnych oraz sekwencje oko\u0142o 700 par zasad regionu kontrolnego w mitochondrialnym DNA wszystkich przebadanych do tej pory rysi uczestnicz\u0105cych w projektach WWF Polska i ZTP, genotyp\u00f3w uzyskanych w ramach realizacji niniejszego projektu oraz genotyp\u00f3w w loci mikrosatelitarnych oko\u0142o [&hellip;]<\/p>\n","protected":false},"author":1,"featured_media":0,"parent":0,"menu_order":0,"comment_status":"closed","ping_status":"closed","template":"podstrona","meta":{"_uag_custom_page_level_css":"","footnotes":""},"class_list":["post-168","page","type-page","status-publish","hentry"],"pbg_featured_image_src":{"full":false,"thumbnail":false,"medium":false,"medium_large":false,"large":false,"1536x1536":false,"2048x2048":false,"trp-custom-language-flag":false},"pbg_author_info":{"display_name":"admin","author_link":"https:\/\/rysie.org\/en\/author\/admin\/","author_img":"<img alt='admin' src='https:\/\/secure.gravatar.com\/avatar\/f0d26f69fdd44a7b58185b0c4cc78702?s=128&#038;d=mm&#038;r=g' srcset='https:\/\/secure.gravatar.com\/avatar\/f0d26f69fdd44a7b58185b0c4cc78702?s=256&#038;d=mm&#038;r=g 2x' class='avatar avatar-128 photo' height='128' width='128' loading='lazy' decoding='async'\/>"},"pbg_comment_info":" No Comments","pbg_excerpt":"W ramach Projektu dzia\u0142a \u201cBiblioteka genotyp\u00f3w rysia eurazjatyckiego\u201d. Bibliotek\u0119 stanowi\u0105 skatalogowane dane genetyczne w 18-20 autosomalnych loci mikrosatelitarnych oraz sekwencje oko\u0142o 700 par zasad regionu kontrolnego w mitochondrialnym DNA wszystkich przebadanych do tej pory rysi uczestnicz\u0105cych w projektach WWF Polska i ZTP, genotyp\u00f3w uzyskanych w ramach realizacji niniejszego projektu oraz genotyp\u00f3w w loci mikrosatelitarnych oko\u0142o&hellip;","uagb_featured_image_src":{"full":false,"thumbnail":false,"medium":false,"medium_large":false,"large":false,"1536x1536":false,"2048x2048":false,"trp-custom-language-flag":false},"uagb_author_info":{"display_name":"admin","author_link":"https:\/\/rysie.org\/en\/author\/admin\/"},"uagb_comment_info":0,"uagb_excerpt":"W ramach Projektu dzia\u0142a \u201cBiblioteka genotyp\u00f3w rysia eurazjatyckiego\u201d. Bibliotek\u0119 stanowi\u0105 skatalogowane dane genetyczne w 18-20 autosomalnych loci mikrosatelitarnych oraz sekwencje oko\u0142o 700 par zasad regionu kontrolnego w mitochondrialnym DNA wszystkich przebadanych do tej pory rysi uczestnicz\u0105cych w projektach WWF Polska i ZTP, genotyp\u00f3w uzyskanych w ramach realizacji niniejszego projektu oraz genotyp\u00f3w w loci mikrosatelitarnych oko\u0142o&hellip;","_links":{"self":[{"href":"https:\/\/rysie.org\/en\/wp-json\/wp\/v2\/pages\/168","targetHints":{"allow":["GET"]}}],"collection":[{"href":"https:\/\/rysie.org\/en\/wp-json\/wp\/v2\/pages"}],"about":[{"href":"https:\/\/rysie.org\/en\/wp-json\/wp\/v2\/types\/page"}],"author":[{"embeddable":true,"href":"https:\/\/rysie.org\/en\/wp-json\/wp\/v2\/users\/1"}],"replies":[{"embeddable":true,"href":"https:\/\/rysie.org\/en\/wp-json\/wp\/v2\/comments?post=168"}],"version-history":[{"count":8,"href":"https:\/\/rysie.org\/en\/wp-json\/wp\/v2\/pages\/168\/revisions"}],"predecessor-version":[{"id":1734,"href":"https:\/\/rysie.org\/en\/wp-json\/wp\/v2\/pages\/168\/revisions\/1734"}],"wp:attachment":[{"href":"https:\/\/rysie.org\/en\/wp-json\/wp\/v2\/media?parent=168"}],"curies":[{"name":"wp","href":"https:\/\/api.w.org\/{rel}","templated":true}]}}