{"id":170,"date":"2024-06-09T11:49:01","date_gmt":"2024-06-09T11:49:01","guid":{"rendered":"https:\/\/www.rysie.hmcloud.pl\/?page_id=170"},"modified":"2024-08-21T10:07:44","modified_gmt":"2024-08-21T10:07:44","slug":"projekt-pois","status":"publish","type":"page","link":"https:\/\/rysie.org\/en\/projekt-pois\/","title":{"rendered":"POIS Project"},"content":{"rendered":"<p class=\"has-large-font-size\"><em><strong>\u201ePowr\u00f3t rysia do p\u00f3\u0142nocno-zachodniej Polski\u201d<\/strong><\/em><\/p>\n\n\n\n<p>Projekt jest realizowany przez Zachodniopomorskie Towarzystwo Przyrodnicze wsp\u00f3lnie z Instytutem Biologii Ssak\u00f3w Polskiej Akademii Nauk w Bia\u0142owie\u017cy oraz O\u015brodkiem Kultury w Miros\u0142awcu.<\/p>\n\n\n\n<p>Projekt dotyczy przywr\u00f3cenia rysia na obszarze dawnego bytowania w p\u00f3\u0142nocno-zachodniej Polsce oraz zapewnienia odpowiednich warunk\u00f3w dla rozwoju populacji tego gatunku.<br>W celu wykorzystania do reintrodukcji osobnik\u00f3w rysi nizinnych pochodz\u0105cych z niewoli, planujemy wykorzysta\u0107 now\u0105 metod\u0119, bazuj\u0105c\u0105 na stosowanej w innych projektach metodzie \u201eborn-to-be-free\u201d, kt\u00f3ra powinna zapewni\u0107 sukces reintrodukcji. G\u0142\u00f3wn\u0105 modyfikacj\u0105 jest stworzenie m\u0142odym osobnikom urodzonym w niewoli warunk\u00f3w umo\u017cliwiaj\u0105cych przystosowanie si\u0119 do \u017cycia na wolno\u015bci, rozmno\u017cenia ich i wypuszczenie matek z podro\u015bni\u0119tymi kociakami.<br><br>Rysie hodowane b\u0119d\u0105 w Dzikiej Zagrodzie w Jab\u0142onowie \u2013 zagrodzie pokazowo-hodowlanej. Hodowla oparta zostanie parach rysi nizinnych z ogrod\u00f3w zoologicznych, co b\u0119dzie r\u00f3wnie\u017c promocj\u0105 rysia i jego reintrodukcji jako atrakcji turystycznej. Reintrodukcja rysi na wcze\u015bniej wyznaczonych optymalnych obszarach, z wykorzystaniem osobnik\u00f3w z w\u0142asnej hodowli b\u0119dzie poprzedzona przygotowaniem m\u0142odych osobnik\u00f3w w zagrodach adaptacyjnych.<br><br>Wszystkie wypuszczane osobniki doros\u0142e zostan\u0105 przed umieszczeniem w zagrodach do wypuszczenia poddane immobilizacji, podczas kt\u00f3rej za\u0142o\u017cone zostan\u0105 obro\u017ce GPS.<\/p>\n\n\n\n<p><strong><em>Cele szczeg\u00f3\u0142owe projektu:<\/em> <\/strong><br>&#8211; odtworzenie rozmna\u017caj\u0105cej si\u0119 populacji rysia nizinnego w Polsce p\u00f3\u0142nocno-zachodniej<br>&#8211; zapewnienie trwa\u0142ej akceptacji spo\u0142ecznej dla odtwarzaj\u0105cej si\u0119 populacji rysia poprzez zapobieganie konfliktom i rozpowszechnianie informacji<br>&#8211; zapobieganie spadkowi liczebno\u015bci i r\u00f3\u017cnorodno\u015bci genetycznej rysia poprzez ochron\u0119 korytarzy migracyjnych<br>&#8211; ograniczenie \u015bmiertelno\u015bci rysi powodowanej przez cz\u0142owieka <\/p>\n\n\n\n<p>Warto\u015b\u0107 ca\u0142kowita Projektu: 4 088 882,00 z\u0142<\/p>\n\n\n\n<p>Wysoko\u015b\u0107 dofinansowania: 3 425 948,40 z\u0142 (85%)<br><\/p>\n\n\n\n<p class=\"has-large-font-size\"><em><strong>Podmioty upowa\u017cnione do ponoszenia wydatk\u00f3w:<\/strong><\/em><a href=\"http:\/\/www.zbs.bialowieza.pl\/\" target=\"_blank\" rel=\"noreferrer noopener\"><\/a><\/p>\n\n\n\n<p><\/p>\n\n\n\n<div class=\"wp-block-columns is-layout-flex wp-container-core-columns-is-layout-1 wp-block-columns-is-layout-flex\">\n<div class=\"wp-block-column is-vertically-aligned-center is-layout-flow wp-block-column-is-layout-flow\">\n<figure class=\"wp-block-image aligncenter\"><img loading=\"lazy\" decoding=\"async\" width=\"1024\" height=\"362\" src=\"https:\/\/www.rysie.hmcloud.pl\/wp-content\/uploads\/2024\/07\/ibs_logo-2-1024x362.jpg\" alt=\"\" class=\"wp-image-1428\" title=\"\" srcset=\"https:\/\/rysie.org\/wp-content\/uploads\/2024\/07\/ibs_logo-2-1024x362.jpg 1024w, https:\/\/rysie.org\/wp-content\/uploads\/2024\/07\/ibs_logo-2-300x106.jpg 300w, https:\/\/rysie.org\/wp-content\/uploads\/2024\/07\/ibs_logo-2-768x272.jpg 768w, https:\/\/rysie.org\/wp-content\/uploads\/2024\/07\/ibs_logo-2-1536x544.jpg 1536w, https:\/\/rysie.org\/wp-content\/uploads\/2024\/07\/ibs_logo-2.jpg 1947w\" sizes=\"(max-width: 1024px) 100vw, 1024px\" \/><\/figure>\n<\/div>\n\n\n\n<div class=\"wp-block-column is-layout-flow wp-block-column-is-layout-flow\">\n<p><em><strong>Instytut Biologii Ssak\u00f3w Polskiej Akademii Nauk<\/strong><\/em><br><br>Instytut Biologii Ssak\u00f3w PAN jest samodzieln\u0105 jednostk\u0105 naukowo-badawcz\u0105 Polskiej Akademii Nauk. Jest jedn\u0105 z najstarszych instytucji naukowych Polskiej Akademii Nauk i jedynym instytutem PAN na Podlasiu. Za\u0142o\u017cony w 1952 r. przez prof. Augusta Dehnela, do 2010 roku funkcjonowa\u0142 jako Zak\u0142ad Badania Ssak\u00f3w PAN. D\u0142ugoletnim dyrektorem jednostki by\u0142 prof. Zdzis\u0142aw Pucek. Badania prowadzone przez Instytut Biologii Ssak\u00f3w PAN od pocz\u0105tku istnienia jednostki kszta\u0142towa\u0142y rozw\u00f3j teriologii w Polsce. Badania w zakresie morfologii, taksonomii, systematyki, ewolucji, genetyki populacji, etologii i ekologii ssak\u00f3w prowadzone przez Instytut maj\u0105 charakter poznawczy, ale znajduj\u0105 r\u00f3wnie\u017c zastosowanie w ochronie przyrody i zarz\u0105dzaniu populacjami zwierz\u0105t.<\/p>\n<\/div>\n<\/div>\n\n\n\n<div class=\"wp-block-columns is-layout-flex wp-container-core-columns-is-layout-2 wp-block-columns-is-layout-flex\">\n<div class=\"wp-block-column is-layout-flow wp-block-column-is-layout-flow\">\n<p><em><strong>O\u015brodek Kultury w Miros\u0142awcu<\/strong><\/em><\/p>\n\n\n\n<p>O\u015brodek Kultury w Miros\u0142awcu jest samorz\u0105dow\u0105 instytucj\u0105 kultury dzia\u0142aj\u0105c\u0105 na terenie gminy Miros\u0142awiec.<br>W dzia\u0142alno\u015bci OK znajduje si\u0119: Regionalne Centrum \u017bubra, Dom Kultury, Muzeum Walk o Wa\u0142 Pomorski,<br>biblioteka oraz \u015bwietlica.<br><br>O\u015brodek ten organizuje wiele imprez na terenie miasta m.in. Festiwal \u017bubra.<br><br>Wi\u0119cej informacji na stronie: http:\/\/www.okwm.pl\/<br><\/p>\n<\/div>\n\n\n\n<div class=\"wp-block-column is-vertically-aligned-center is-layout-flow wp-block-column-is-layout-flow\">\n<figure class=\"wp-block-image aligncenter\"><img loading=\"lazy\" decoding=\"async\" width=\"1024\" height=\"312\" src=\"https:\/\/www.rysie.hmcloud.pl\/wp-content\/uploads\/2024\/07\/okwm-3-1024x312.png\" alt=\"\" class=\"wp-image-1420\" title=\"\" srcset=\"https:\/\/rysie.org\/wp-content\/uploads\/2024\/07\/okwm-3-1024x312.png 1024w, https:\/\/rysie.org\/wp-content\/uploads\/2024\/07\/okwm-3-300x92.png 300w, https:\/\/rysie.org\/wp-content\/uploads\/2024\/07\/okwm-3-768x234.png 768w, https:\/\/rysie.org\/wp-content\/uploads\/2024\/07\/okwm-3.png 1121w\" sizes=\"(max-width: 1024px) 100vw, 1024px\" \/><\/figure>\n<\/div>\n<\/div>\n\n\n\n<br><br><br><br><br><br>","protected":false},"excerpt":{"rendered":"<p>\u201ePowr\u00f3t rysia do p\u00f3\u0142nocno-zachodniej Polski\u201d Projekt jest realizowany przez Zachodniopomorskie Towarzystwo Przyrodnicze wsp\u00f3lnie z Instytutem Biologii Ssak\u00f3w Polskiej Akademii Nauk w Bia\u0142owie\u017cy oraz O\u015brodkiem Kultury w Miros\u0142awcu. Projekt dotyczy przywr\u00f3cenia rysia na obszarze dawnego bytowania w p\u00f3\u0142nocno-zachodniej Polsce oraz zapewnienia odpowiednich warunk\u00f3w dla rozwoju populacji tego gatunku.W celu wykorzystania do reintrodukcji osobnik\u00f3w rysi nizinnych pochodz\u0105cych [&hellip;]<\/p>\n","protected":false},"author":1,"featured_media":0,"parent":0,"menu_order":0,"comment_status":"closed","ping_status":"closed","template":"pois","meta":{"_uag_custom_page_level_css":"","footnotes":""},"class_list":["post-170","page","type-page","status-publish","hentry"],"pbg_featured_image_src":{"full":false,"thumbnail":false,"medium":false,"medium_large":false,"large":false,"1536x1536":false,"2048x2048":false,"trp-custom-language-flag":false},"pbg_author_info":{"display_name":"admin","author_link":"https:\/\/rysie.org\/en\/author\/admin\/","author_img":"<img alt='admin' src='https:\/\/secure.gravatar.com\/avatar\/f0d26f69fdd44a7b58185b0c4cc78702?s=128&#038;d=mm&#038;r=g' srcset='https:\/\/secure.gravatar.com\/avatar\/f0d26f69fdd44a7b58185b0c4cc78702?s=256&#038;d=mm&#038;r=g 2x' class='avatar avatar-128 photo' height='128' width='128' loading='lazy' decoding='async'\/>"},"pbg_comment_info":" No Comments","pbg_excerpt":"\u201ePowr\u00f3t rysia do p\u00f3\u0142nocno-zachodniej Polski\u201d Projekt jest realizowany przez Zachodniopomorskie Towarzystwo Przyrodnicze wsp\u00f3lnie z Instytutem Biologii Ssak\u00f3w Polskiej Akademii Nauk w Bia\u0142owie\u017cy oraz O\u015brodkiem Kultury w Miros\u0142awcu. Projekt dotyczy przywr\u00f3cenia rysia na obszarze dawnego bytowania w p\u00f3\u0142nocno-zachodniej Polsce oraz zapewnienia odpowiednich warunk\u00f3w dla rozwoju populacji tego gatunku.W celu wykorzystania do reintrodukcji osobnik\u00f3w rysi nizinnych pochodz\u0105cych&hellip;","uagb_featured_image_src":{"full":false,"thumbnail":false,"medium":false,"medium_large":false,"large":false,"1536x1536":false,"2048x2048":false,"trp-custom-language-flag":false},"uagb_author_info":{"display_name":"admin","author_link":"https:\/\/rysie.org\/en\/author\/admin\/"},"uagb_comment_info":0,"uagb_excerpt":"\u201ePowr\u00f3t rysia do p\u00f3\u0142nocno-zachodniej Polski\u201d Projekt jest realizowany przez Zachodniopomorskie Towarzystwo Przyrodnicze wsp\u00f3lnie z Instytutem Biologii Ssak\u00f3w Polskiej Akademii Nauk w Bia\u0142owie\u017cy oraz O\u015brodkiem Kultury w Miros\u0142awcu. Projekt dotyczy przywr\u00f3cenia rysia na obszarze dawnego bytowania w p\u00f3\u0142nocno-zachodniej Polsce oraz zapewnienia odpowiednich warunk\u00f3w dla rozwoju populacji tego gatunku.W celu wykorzystania do reintrodukcji osobnik\u00f3w rysi nizinnych pochodz\u0105cych&hellip;","_links":{"self":[{"href":"https:\/\/rysie.org\/en\/wp-json\/wp\/v2\/pages\/170","targetHints":{"allow":["GET"]}}],"collection":[{"href":"https:\/\/rysie.org\/en\/wp-json\/wp\/v2\/pages"}],"about":[{"href":"https:\/\/rysie.org\/en\/wp-json\/wp\/v2\/types\/page"}],"author":[{"embeddable":true,"href":"https:\/\/rysie.org\/en\/wp-json\/wp\/v2\/users\/1"}],"replies":[{"embeddable":true,"href":"https:\/\/rysie.org\/en\/wp-json\/wp\/v2\/comments?post=170"}],"version-history":[{"count":69,"href":"https:\/\/rysie.org\/en\/wp-json\/wp\/v2\/pages\/170\/revisions"}],"predecessor-version":[{"id":1800,"href":"https:\/\/rysie.org\/en\/wp-json\/wp\/v2\/pages\/170\/revisions\/1800"}],"wp:attachment":[{"href":"https:\/\/rysie.org\/en\/wp-json\/wp\/v2\/media?parent=170"}],"curies":[{"name":"wp","href":"https:\/\/api.w.org\/{rel}","templated":true}]}}