{"id":205,"date":"2024-06-09T12:40:26","date_gmt":"2024-06-09T12:40:26","guid":{"rendered":"https:\/\/www.rysie.hmcloud.pl\/?page_id=205"},"modified":"2024-07-02T11:01:16","modified_gmt":"2024-07-02T11:01:16","slug":"ogloszenia","status":"publish","type":"page","link":"https:\/\/rysie.org\/en\/zamowienia\/ogloszenia\/","title":{"rendered":"Announcements"},"content":{"rendered":"<div class=\"wp-block-query is-layout-flow wp-block-query-is-layout-flow\"><ul class=\"wp-block-post-template is-layout-flow wp-block-post-template-is-layout-flow\"><li class=\"wp-block-post post-2067 post type-post status-publish format-standard hentry category-ogloszenia category-zamowienia\">\n<h2 class=\"wp-block-post-title\"><a href=\"https:\/\/rysie.org\/en\/zapytanie-ofertowe-nr-19-life-2025-zgodnie-z-zasada-konkurencyjnosci-na-dostawe-karmy-dla-rysi\/\" target=\"_self\" >Zapytanie ofertowe nr 19\/LIFE\/2025 zgodnie z zasad\u0105 konkurencyjno\u015bci na dostaw\u0119 karmy dla rysi.<\/a><\/h2>\n\n\n\n<div class=\"entry-content wp-block-post-content is-layout-flow wp-block-post-content-is-layout-flow\">\n<p>Zachodniopomorskie Towarzystwo Przyrodnicze og\u0142asza zapytanie ofertowe nr 19\/LIFE\/2025 zgodnie z zasad\u0105 konkurencyjno\u015bci na dostaw\u0119 karmy dla rysi.<\/p>\n\n\n\n<p>Termin sk\u0142adania ofert: 15.10.2025 r<\/p>\n\n\n\n<div class=\"wp-block-file\"><a id=\"wp-block-file--media-d36ab8a7-1cc4-4fbf-8953-14df4c73a71a\" href=\"https:\/\/rysie.org\/wp-content\/uploads\/2025\/10\/19_LIFE_2025_karma-dla-rysi_2025.pdf\">19_LIFE_2025_karma-dla-rysi_2025<\/a><a href=\"https:\/\/rysie.org\/wp-content\/uploads\/2025\/10\/19_LIFE_2025_karma-dla-rysi_2025.pdf\" class=\"wp-block-file__button wp-element-button\" download aria-describedby=\"wp-block-file--media-d36ab8a7-1cc4-4fbf-8953-14df4c73a71a\">Pobierz<\/a><\/div>\n\n\n\n<p><\/p>\n<\/div>\n\n\n<hr class=\"wp-block-separator has-css-opacity\"\/>\n\n\n<div class=\"wp-block-post-date\"><time datetime=\"2025-10-08T07:10:06+00:00\">October 8, 2025<\/time><\/div>\n<\/li><li class=\"wp-block-post post-2060 post type-post status-publish format-standard hentry category-ogloszenia category-zamowienia\">\n<h2 class=\"wp-block-post-title\"><a href=\"https:\/\/rysie.org\/en\/zapytanie-ofertowe-nr-18-life-2025-zgodnie-z-zasada-konkurencyjnosci-dostarczenie-urzadzen-do-monitoringu-rysi-wraz-z-akcesoriami\/\" target=\"_self\" >Zapytanie ofertowe nr 18\/LIFE\/2025 zgodnie z zasad\u0105 konkurencyjno\u015bci dostarczenie urz\u0105dze\u0144 do monitoringu rysi wraz z akcesoriami.<\/a><\/h2>\n\n\n\n<div class=\"entry-content wp-block-post-content is-layout-flow wp-block-post-content-is-layout-flow\">\n<p>Zachodniopomorskie Towarzystwo Przyrodnicze og\u0142asza zapytanie ofertowe nr 18\/LIFE\/2025 zgodnie z zasad\u0105 konkurencyjno\u015bci na dostarczenie urz\u0105dze\u0144 do monitoringu rysi wraz z akcesoriami.<\/p>\n\n\n\n<p>Termin sk\u0142adania ofert: 30.09.2025 r<\/p>\n\n\n\n<div class=\"wp-block-file\"><a id=\"wp-block-file--media-ca34f654-6020-43dd-9a1a-df2a8380da8f\" href=\"https:\/\/rysie.org\/wp-content\/uploads\/2025\/09\/ZO-18_LIFE_2025_fotopulapki.pdf\">ZO-18_LIFE_2025_fotopulapki<\/a><a href=\"https:\/\/rysie.org\/wp-content\/uploads\/2025\/09\/ZO-18_LIFE_2025_fotopulapki.pdf\" class=\"wp-block-file__button wp-element-button\" download aria-describedby=\"wp-block-file--media-ca34f654-6020-43dd-9a1a-df2a8380da8f\">Pobierz<\/a><\/div>\n\n\n\n<p><\/p>\n<\/div>\n\n\n<hr class=\"wp-block-separator has-css-opacity\"\/>\n\n\n<div class=\"wp-block-post-date\"><time datetime=\"2025-09-23T12:22:05+00:00\">September 23, 2025<\/time><\/div>\n<\/li><li class=\"wp-block-post post-1972 post type-post status-publish format-standard hentry category-ogloszenia category-zamowienia\">\n<h2 class=\"wp-block-post-title\"><a href=\"https:\/\/rysie.org\/en\/zapytanie-ofertowe-nr-1-rod-2025-zgodnie-z-zasada-konkurencyjnosci-na-regeneracje-obrozy-telemetrycznych-do-monitoringu-rysi\/\" target=\"_self\" >Zapytanie ofertowe nr 1\/ROD\/2025 zgodnie z zasad\u0105 konkurencyjno\u015bci na regeneracj\u0119 obro\u017cy telemetrycznych do monitoringu rysi.<\/a><\/h2>\n\n\n\n<div class=\"entry-content wp-block-post-content is-layout-flow wp-block-post-content-is-layout-flow\">\n<p>Zachodniopomorskie Towarzystwo Przyrodnicze og\u0142asza zapytanie ofertowe nr 1\/ROD\/2025 zgodnie z zasad\u0105 konkurencyjno\u015bci na regeneracj\u0119 obro\u017cy telemetrycznych do monitoringu rysi.<\/p>\n\n\n\n<p>Termin sk\u0142adania ofert: 22.04.2025 r.<\/p>\n\n\n\n<div class=\"wp-block-file\"><a id=\"wp-block-file--media-21a94bdc-6914-4a07-87c8-03d73e9caf61\" href=\"https:\/\/rysie.org\/wp-content\/uploads\/2025\/04\/ZO-regeneracja-obrozy_mt_.pdf\">ZO-regeneracja-obrozy_mt_<\/a><a href=\"https:\/\/rysie.org\/wp-content\/uploads\/2025\/04\/ZO-regeneracja-obrozy_mt_.pdf\" class=\"wp-block-file__button wp-element-button\" download aria-describedby=\"wp-block-file--media-21a94bdc-6914-4a07-87c8-03d73e9caf61\">Pobierz<\/a><\/div>\n\n\n\n<p><\/p>\n\n\n\n<p><\/p>\n<\/div>\n\n\n<hr class=\"wp-block-separator has-css-opacity\"\/>\n\n\n<div class=\"wp-block-post-date\"><time datetime=\"2025-04-15T08:02:59+00:00\">April 15, 2025<\/time><\/div>\n<\/li><\/ul>\n\n<nav class=\"wp-block-query-pagination is-layout-flex wp-block-query-pagination-is-layout-flex\" aria-label=\"Pagination\">\n\n\n<div class=\"wp-block-query-pagination-numbers\"><span aria-current=\"page\" class=\"page-numbers current\">1<\/span>\n<a class=\"page-numbers\" href=\"?query-21-page=2\">2<\/a>\n<a class=\"page-numbers\" href=\"?query-21-page=3\">3<\/a>\n<span class=\"page-numbers dots\">&hellip;<\/span>\n<a class=\"page-numbers\" href=\"?query-21-page=32\">32<\/a><\/div>\n\n<a href=\"\/en\/wp-json\/wp\/v2\/pages\/205?query-21-page=2\" class=\"wp-block-query-pagination-next\">Next Page<\/a>\n<\/nav><\/div>","protected":false},"excerpt":{"rendered":"","protected":false},"author":1,"featured_media":0,"parent":203,"menu_order":0,"comment_status":"closed","ping_status":"closed","template":"podstrona","meta":{"_uag_custom_page_level_css":"","footnotes":""},"class_list":["post-205","page","type-page","status-publish","hentry"],"pbg_featured_image_src":{"full":false,"thumbnail":false,"medium":false,"medium_large":false,"large":false,"1536x1536":false,"2048x2048":false,"trp-custom-language-flag":false},"pbg_author_info":{"display_name":"admin","author_link":"https:\/\/rysie.org\/en\/author\/admin\/","author_img":"<img alt='Roksana Bary\u0142o' src='https:\/\/secure.gravatar.com\/avatar\/bc49c452f3b00375672e0405c0b35d3f?s=128&#038;d=mm&#038;r=g' srcset='https:\/\/secure.gravatar.com\/avatar\/bc49c452f3b00375672e0405c0b35d3f?s=256&#038;d=mm&#038;r=g 2x' class='avatar avatar-128 photo' height='128' width='128' loading='lazy' decoding='async'\/>"},"pbg_comment_info":" No Comments","pbg_excerpt":null,"uagb_featured_image_src":{"full":false,"thumbnail":false,"medium":false,"medium_large":false,"large":false,"1536x1536":false,"2048x2048":false,"trp-custom-language-flag":false},"uagb_author_info":{"display_name":"admin","author_link":"https:\/\/rysie.org\/en\/author\/admin\/"},"uagb_comment_info":0,"uagb_excerpt":null,"_links":{"self":[{"href":"https:\/\/rysie.org\/en\/wp-json\/wp\/v2\/pages\/205","targetHints":{"allow":["GET"]}}],"collection":[{"href":"https:\/\/rysie.org\/en\/wp-json\/wp\/v2\/pages"}],"about":[{"href":"https:\/\/rysie.org\/en\/wp-json\/wp\/v2\/types\/page"}],"author":[{"embeddable":true,"href":"https:\/\/rysie.org\/en\/wp-json\/wp\/v2\/users\/1"}],"replies":[{"embeddable":true,"href":"https:\/\/rysie.org\/en\/wp-json\/wp\/v2\/comments?post=205"}],"version-history":[{"count":4,"href":"https:\/\/rysie.org\/en\/wp-json\/wp\/v2\/pages\/205\/revisions"}],"predecessor-version":[{"id":1449,"href":"https:\/\/rysie.org\/en\/wp-json\/wp\/v2\/pages\/205\/revisions\/1449"}],"up":[{"embeddable":true,"href":"https:\/\/rysie.org\/en\/wp-json\/wp\/v2\/pages\/203"}],"wp:attachment":[{"href":"https:\/\/rysie.org\/en\/wp-json\/wp\/v2\/media?parent=205"}],"curies":[{"name":"wp","href":"https:\/\/api.w.org\/{rel}","templated":true}]}}