{"id":207,"date":"2024-06-09T12:41:22","date_gmt":"2024-06-09T12:41:22","guid":{"rendered":"https:\/\/www.rysie.hmcloud.pl\/?page_id=207"},"modified":"2024-07-02T11:30:35","modified_gmt":"2024-07-02T11:30:35","slug":"rozstrzygniecia","status":"publish","type":"page","link":"https:\/\/rysie.org\/en\/zamowienia\/rozstrzygniecia\/","title":{"rendered":"Resolutions"},"content":{"rendered":"<div class=\"wp-block-query is-layout-flow wp-block-query-is-layout-flow\"><ul class=\"wp-block-post-template is-layout-flow wp-block-post-template-is-layout-flow\"><li class=\"wp-block-post post-2090 post type-post status-publish format-standard hentry category-rozstrzygniecia category-zamowienia\">\n<h2 class=\"wp-block-post-title\"><a href=\"https:\/\/rysie.org\/en\/zawiadomienie-o-rozstrzygnieciu-zapytania-ofertowego-nr-19-life-2025-zgodnie-z-zasada-konkurencyjnosci-na-dostawe-karmy-dla-rysi\/\" target=\"_self\" >Zawiadomienie o rozstrzygni\u0119ciu zapytania ofertowego nr 19\/LIFE\/2025 zgodnie z zasad\u0105 konkurencyjno\u015bci na dostaw\u0119 karmy dla rysi.<\/a><\/h2>\n\n\n\n<div class=\"entry-content wp-block-post-content is-layout-flow wp-block-post-content-is-layout-flow\">\n<p>Zachodniopomorskie Towarzystwo Przyrodnicze uprzejmie informuje o wyborze najkorzystniejszej oferty w post\u0119powaniu nr 19\/LIFE\/2025 zgodnie z zasad\u0105 konkurencyjno\u015bci na dostaw\u0119 karmy dla rysi w ramach realizacji przez Zamawiaj\u0105cego projektu 101114131 \u2014 LIFE22-NAT-PL-LIFE LYNX PL LT DE \u201eExpanding the range of the lynx population in northern Poland\u201d<\/p>\n\n\n\n<p>Number of bids submitted: 1<\/p>\n\n\n\n<p>Excluded: 0 contractors<\/p>\n\n\n\n<p>Rejected: 0 bids<\/p>\n\n\n\n<p>Wybrany wykonawca: UTIL-FOOD JOANNA AUGUSTYNIAK UL. POZNA\u0143SKA 12, ROBAKOWO 62-023 G\u0104DKI<\/p>\n\n\n\n<p>Uzasadnienie wyboru: jedyna oferta, kt\u00f3ra wp\u0142yn\u0119\u0142a i spe\u0142nia wszystkie wymogi.&nbsp;<\/p>\n\n\n\n<figure class=\"wp-block-table\"><table class=\"has-fixed-layout\"><tbody><tr><td><strong>Lp.<\/strong><\/td><td><strong>Contractor<\/strong><\/td><td><strong>Address<\/strong><\/td><td><strong>Number of points awarded<\/strong><\/td><\/tr><tr><td>1.&nbsp;&nbsp;&nbsp;&nbsp; &nbsp;<\/td><td>UTIL-FOOD JOANNA AUGUSTYNIAK<\/td><td>UL. POZNA\u0143SKA 12, ROBAKOWO <br>62-023 G\u0104DKI<\/td><td>100 points<\/td><\/tr><\/tbody><\/table><\/figure>\n<\/div>\n\n\n<hr class=\"wp-block-separator has-css-opacity\"\/>\n\n\n<div class=\"wp-block-post-date\"><time datetime=\"2025-10-16T11:39:24+00:00\">October 16, 2025<\/time><\/div>\n<\/li><li class=\"wp-block-post post-2065 post type-post status-publish format-standard hentry category-rozstrzygniecia\">\n<h2 class=\"wp-block-post-title\"><a href=\"https:\/\/rysie.org\/en\/zawiadomienie-o-rozstrzygnieciu-zapytania-ofertowego-nr-18-life-2025-z-zasada-konkurencyjnosci-na-dostarczenie-urzadzen-do-monitoringu-rysi-wraz-z-akcesoriami\/\" target=\"_self\" >Zawiadomienie o rozstrzygni\u0119ciu zapytania ofertowego nr 18\/LIFE\/2025 z zasad\u0105 konkurencyjno\u015bci na dostarczenie urz\u0105dze\u0144 do monitoringu rysi wraz z akcesoriami.<\/a><\/h2>\n\n\n\n<div class=\"entry-content wp-block-post-content is-layout-flow wp-block-post-content-is-layout-flow\">\n<p>Zachodniopomorskie Towarzystwo Przyrodnicze uprzejmie informuje o wyborze najkorzystniejszej oferty w post\u0119powaniu nr 18\/LIFE\/2025 zgodnie z zasad\u0105 konkurencyjno\u015bci na dostarczenie urz\u0105dze\u0144 do monitoringu rysi wraz z akcesoriami w ramach realizacji przez Zamawiaj\u0105cego projektu 101114131 \u2014 LIFE22-NAT-PL-LIFE LYNX PL LT DE \u201eExpanding the range of the lynx population in northern Poland\u201d<\/p>\n\n\n\n<p>Number of bids submitted: 1<\/p>\n\n\n\n<p>Excluded: 0 contractors<\/p>\n\n\n\n<p>Rejected: 0 bids<\/p>\n\n\n\n<p>Wybrany wykonawca: Spy Shop Sp. z o.o. ul. Traugutta 143\/1, 50-419 Wroc\u0142aw<\/p>\n\n\n\n<p>Uzasadnienie wyboru: jedyna oferta, kt\u00f3ra wp\u0142yn\u0119\u0142a i spe\u0142nia wszystkie wymogi.&nbsp;<\/p>\n\n\n\n<figure class=\"wp-block-table\"><table class=\"has-fixed-layout\"><tbody><tr><td><strong>Lp.<\/strong><\/td><td><strong>Contractor<\/strong><\/td><td><strong>Address<\/strong><\/td><td><br><strong>Number of points awarded<\/strong><\/td><\/tr><tr><td>1.&nbsp;&nbsp;&nbsp;&nbsp; &nbsp;<\/td><td>Spy Shop Sp. z o.o.<\/td><td>ul. Traugutta 143\/1, <br>50-419 Wroc\u0142aw<\/td><td>100 points<\/td><\/tr><\/tbody><\/table><\/figure>\n\n\n\n<p><\/p>\n<\/div>\n\n\n<hr class=\"wp-block-separator has-css-opacity\"\/>\n\n\n<div class=\"wp-block-post-date\"><time datetime=\"2025-10-01T09:06:21+00:00\">October 1, 2025<\/time><\/div>\n<\/li><li class=\"wp-block-post post-2007 post type-post status-publish format-standard hentry category-rozstrzygniecia category-zamowienia\">\n<h2 class=\"wp-block-post-title\"><a href=\"https:\/\/rysie.org\/en\/zawiadomienie-o-rozstrzygnieciu-zapytania-ofertowego-nr-1-rod-2025-na-regeneracje-obrozy-telemetrycznych-do-monitoringu-rysi\/\" target=\"_self\" >Zawiadomienie o rozstrzygni\u0119ciu zapytania ofertowego nr 1\/ROD\/2025 na regeneracj\u0119 obro\u017cy telemetrycznych do monitoringu rysi.<\/a><\/h2>\n\n\n\n<div class=\"entry-content wp-block-post-content is-layout-flow wp-block-post-content-is-layout-flow\">\n<p>Zachodniopomorskie Towarzystwo Przyrodnicze uprzejmie informuje o wyborze najkorzystniejszej oferty w post\u0119powaniu nr 1\/ROD\/2025 na regeneracj\u0119 obro\u017cy telemetrycznych do monitoringu rysi.<\/p>\n\n\n\n<p>Number of bids submitted: 1<\/p>\n\n\n\n<p>Excluded: 0 contractors<\/p>\n\n\n\n<p>Rejected: 0 bids<\/p>\n\n\n\n<p>Wybrany wykonawca: Mortis sp. z o.o. ul. Z\u0142ocieniecka 23\/21, 78-500 Drawsko Pomorskie<\/p>\n\n\n\n<p>Uzasadnienie wyboru: jedyna oferta, kt\u00f3ra wp\u0142yn\u0119\u0142a i spe\u0142nia wszystkie wymogi.&nbsp;<\/p>\n\n\n\n<figure class=\"wp-block-table\"><table class=\"has-fixed-layout\"><tbody><tr><td><strong>Lp.<\/strong><\/td><td><strong>Contractor<\/strong><\/td><td><strong>Address<\/strong><\/td><td><br><strong>Number of points awarded<\/strong><\/td><\/tr><tr><td>1.&nbsp;&nbsp;&nbsp;&nbsp; &nbsp;<\/td><td>Mortis sp. z o.o.<\/td><td>ul. Z\u0142ocieniecka 23\/21, 78-500 Drawsko Pomorskie<\/td><td>100 points<\/td><\/tr><\/tbody><\/table><\/figure>\n\n\n\n<p><\/p>\n<\/div>\n\n\n<hr class=\"wp-block-separator has-css-opacity\"\/>\n\n\n<div class=\"wp-block-post-date\"><time datetime=\"2025-04-25T09:05:08+00:00\">April 25, 2025<\/time><\/div>\n<\/li><\/ul>\n\n<nav class=\"wp-block-query-pagination is-layout-flex wp-block-query-pagination-is-layout-flex\" aria-label=\"Pagination\">\n\n\n<div class=\"wp-block-query-pagination-numbers\"><span aria-current=\"page\" class=\"page-numbers current\">1<\/span>\n<a class=\"page-numbers\" href=\"?query-21-page=2\">2<\/a>\n<a class=\"page-numbers\" href=\"?query-21-page=3\">3<\/a>\n<span class=\"page-numbers dots\">&hellip;<\/span>\n<a class=\"page-numbers\" href=\"?query-21-page=27\">27<\/a><\/div>\n\n<a href=\"\/en\/wp-json\/wp\/v2\/pages\/207?query-21-page=2\" class=\"wp-block-query-pagination-next\">Next Page<\/a>\n<\/nav><\/div>","protected":false},"excerpt":{"rendered":"","protected":false},"author":1,"featured_media":0,"parent":203,"menu_order":2,"comment_status":"closed","ping_status":"closed","template":"podstrona","meta":{"_uag_custom_page_level_css":"","footnotes":""},"class_list":["post-207","page","type-page","status-publish","hentry"],"pbg_featured_image_src":{"full":false,"thumbnail":false,"medium":false,"medium_large":false,"large":false,"1536x1536":false,"2048x2048":false,"trp-custom-language-flag":false},"pbg_author_info":{"display_name":"admin","author_link":"https:\/\/rysie.org\/en\/author\/admin\/","author_img":"<img alt='Roksana Bary\u0142o' src='https:\/\/secure.gravatar.com\/avatar\/bc49c452f3b00375672e0405c0b35d3f?s=128&#038;d=mm&#038;r=g' srcset='https:\/\/secure.gravatar.com\/avatar\/bc49c452f3b00375672e0405c0b35d3f?s=256&#038;d=mm&#038;r=g 2x' class='avatar avatar-128 photo' height='128' width='128' loading='lazy' decoding='async'\/>"},"pbg_comment_info":" No Comments","pbg_excerpt":null,"uagb_featured_image_src":{"full":false,"thumbnail":false,"medium":false,"medium_large":false,"large":false,"1536x1536":false,"2048x2048":false,"trp-custom-language-flag":false},"uagb_author_info":{"display_name":"admin","author_link":"https:\/\/rysie.org\/en\/author\/admin\/"},"uagb_comment_info":0,"uagb_excerpt":null,"_links":{"self":[{"href":"https:\/\/rysie.org\/en\/wp-json\/wp\/v2\/pages\/207","targetHints":{"allow":["GET"]}}],"collection":[{"href":"https:\/\/rysie.org\/en\/wp-json\/wp\/v2\/pages"}],"about":[{"href":"https:\/\/rysie.org\/en\/wp-json\/wp\/v2\/types\/page"}],"author":[{"embeddable":true,"href":"https:\/\/rysie.org\/en\/wp-json\/wp\/v2\/users\/1"}],"replies":[{"embeddable":true,"href":"https:\/\/rysie.org\/en\/wp-json\/wp\/v2\/comments?post=207"}],"version-history":[{"count":4,"href":"https:\/\/rysie.org\/en\/wp-json\/wp\/v2\/pages\/207\/revisions"}],"predecessor-version":[{"id":1795,"href":"https:\/\/rysie.org\/en\/wp-json\/wp\/v2\/pages\/207\/revisions\/1795"}],"up":[{"embeddable":true,"href":"https:\/\/rysie.org\/en\/wp-json\/wp\/v2\/pages\/203"}],"wp:attachment":[{"href":"https:\/\/rysie.org\/en\/wp-json\/wp\/v2\/media?parent=207"}],"curies":[{"name":"wp","href":"https:\/\/api.w.org\/{rel}","templated":true}]}}