{"id":209,"date":"2024-06-09T12:41:51","date_gmt":"2024-06-09T12:41:51","guid":{"rendered":"https:\/\/www.rysie.hmcloud.pl\/?page_id=209"},"modified":"2024-08-21T09:52:26","modified_gmt":"2024-08-21T09:52:26","slug":"naduzycia","status":"publish","type":"page","link":"https:\/\/rysie.org\/en\/zamowienia\/naduzycia\/","title":{"rendered":"Abuses"},"content":{"rendered":"<p class=\"has-large-font-size\"><em>Mechanizm umo\u017cliwiaj\u0105cy sygnalizowanie potencjalnych nadu\u017cy\u0107 finansowych<\/em><\/p>\n\n\n\n<p>Zgodnie z Wytycznymi w zakresie post\u0119powania z podejrzeniami nadu\u017cy\u0107 finansowych w ramach Programu Operacyjnego Infrastruktura i \u015arodowisko 2014-2020 w Centrum Koordynacji Projekt\u00f3w \u015arodowiskowych uruchomiony zosta\u0142 tzw. mechanizm sygnalizacyjny, umo\u017cliwiaj\u0105cy zg\u0142aszanie podejrze\u0144 wyst\u0105pienia nadu\u017cy\u0107 finansowych w ramach Programu Operacyjnego Infrastruktura i \u015arodowisko.<\/p>\n\n\n\n<p>W przypadku zidentyfikowania sytuacji wyst\u0119powania nadu\u017cycia finansowego nale\u017cy przekaza\u0107 zg\u0142oszenie na adres: naduzycia@ckps.lasy.qov.pl. Zg\u0142oszenie powinno zawiera\u0107 przede wszystkim elementy takie jak:<\/p>\n\n\n\n<ul class=\"wp-block-list\">\n<li>opis zdarzenia,<\/li>\n\n\n\n<li>dane sprawcy,<\/li>\n\n\n\n<li>informacje o osobach, kt\u00f3re mog\u0105 mie\u0107 wiedz\u0119 o tej sprawie.<\/li>\n<\/ul>\n\n\n\n<p>W przypadku zg\u0142osze\u0144 (g\u0142\u00f3wnie anonimowych), kt\u00f3re b\u0119d\u0105 niepe\u0142ne i nie b\u0119dzie mo\u017cliwo\u015bci uzupe\u0142nienia tych informacji, istnieje ryzyko, \u017ce takie zg\u0142oszenie nie b\u0119dzie mog\u0142o zosta\u0107 rozpatrzone.<\/p>\n\n\n\n<p>Ponadto, dla instytucji wdra\u017caj\u0105cych POIi\u015a 2014-2020, Ministerstwo Rozwoju r\u00f3wnie\u017c wprowadzi\u0142o mechanizm sygnalizacyjny szczeg\u00f3\u0142owo opisany na stronie internetowej www.pois.gov.pl\/nieprawidlowosci.<\/p>\n\n\n\n<p>W celu dokonania zg\u0142oszenia nale\u017cy:<\/p>\n\n\n\n<ul class=\"wp-block-list\">\n<li>skorzysta\u0107 z formularza, dost\u0119pnego na stronie internetowej<\/li>\n<\/ul>\n\n\n\n<p>lub<\/p>\n\n\n\n<ul class=\"wp-block-list\">\n<li>wys\u0142a\u0107 wiadomo\u015b\u0107 na adres e-mail: naduzycia.POIS@mr.gov.pl<\/li>\n<\/ul>\n\n\n\n<p><\/p>\n\n\n\n<div class=\"wp-block-query is-layout-flow wp-block-query-is-layout-flow\">\n\n<\/div>\n\n\n\n<p><\/p>","protected":false},"excerpt":{"rendered":"<p>Mechanizm umo\u017cliwiaj\u0105cy sygnalizowanie potencjalnych nadu\u017cy\u0107 finansowych Zgodnie z Wytycznymi w zakresie post\u0119powania z podejrzeniami nadu\u017cy\u0107 finansowych w ramach Programu Operacyjnego Infrastruktura i \u015arodowisko 2014-2020 w Centrum Koordynacji Projekt\u00f3w \u015arodowiskowych uruchomiony zosta\u0142 tzw. mechanizm sygnalizacyjny, umo\u017cliwiaj\u0105cy zg\u0142aszanie podejrze\u0144 wyst\u0105pienia nadu\u017cy\u0107 finansowych w ramach Programu Operacyjnego Infrastruktura i \u015arodowisko. W przypadku zidentyfikowania sytuacji wyst\u0119powania nadu\u017cycia finansowego nale\u017cy [&hellip;]<\/p>\n","protected":false},"author":1,"featured_media":0,"parent":203,"menu_order":3,"comment_status":"closed","ping_status":"closed","template":"podstrona","meta":{"_uag_custom_page_level_css":"","footnotes":""},"class_list":["post-209","page","type-page","status-publish","hentry"],"pbg_featured_image_src":{"full":false,"thumbnail":false,"medium":false,"medium_large":false,"large":false,"1536x1536":false,"2048x2048":false,"trp-custom-language-flag":false},"pbg_author_info":{"display_name":"admin","author_link":"https:\/\/rysie.org\/en\/author\/admin\/","author_img":"<img alt='admin' src='https:\/\/secure.gravatar.com\/avatar\/f0d26f69fdd44a7b58185b0c4cc78702?s=128&#038;d=mm&#038;r=g' srcset='https:\/\/secure.gravatar.com\/avatar\/f0d26f69fdd44a7b58185b0c4cc78702?s=256&#038;d=mm&#038;r=g 2x' class='avatar avatar-128 photo' height='128' width='128' loading='lazy' decoding='async'\/>"},"pbg_comment_info":" No Comments","pbg_excerpt":"Mechanizm umo\u017cliwiaj\u0105cy sygnalizowanie potencjalnych nadu\u017cy\u0107 finansowych Zgodnie z Wytycznymi w zakresie post\u0119powania z podejrzeniami nadu\u017cy\u0107 finansowych w ramach Programu Operacyjnego Infrastruktura i \u015arodowisko 2014-2020 w Centrum Koordynacji Projekt\u00f3w \u015arodowiskowych uruchomiony zosta\u0142 tzw. mechanizm sygnalizacyjny, umo\u017cliwiaj\u0105cy zg\u0142aszanie podejrze\u0144 wyst\u0105pienia nadu\u017cy\u0107 finansowych w ramach Programu Operacyjnego Infrastruktura i \u015arodowisko. W przypadku zidentyfikowania sytuacji wyst\u0119powania nadu\u017cycia finansowego nale\u017cy&hellip;","uagb_featured_image_src":{"full":false,"thumbnail":false,"medium":false,"medium_large":false,"large":false,"1536x1536":false,"2048x2048":false,"trp-custom-language-flag":false},"uagb_author_info":{"display_name":"admin","author_link":"https:\/\/rysie.org\/en\/author\/admin\/"},"uagb_comment_info":0,"uagb_excerpt":"Mechanizm umo\u017cliwiaj\u0105cy sygnalizowanie potencjalnych nadu\u017cy\u0107 finansowych Zgodnie z Wytycznymi w zakresie post\u0119powania z podejrzeniami nadu\u017cy\u0107 finansowych w ramach Programu Operacyjnego Infrastruktura i \u015arodowisko 2014-2020 w Centrum Koordynacji Projekt\u00f3w \u015arodowiskowych uruchomiony zosta\u0142 tzw. mechanizm sygnalizacyjny, umo\u017cliwiaj\u0105cy zg\u0142aszanie podejrze\u0144 wyst\u0105pienia nadu\u017cy\u0107 finansowych w ramach Programu Operacyjnego Infrastruktura i \u015arodowisko. W przypadku zidentyfikowania sytuacji wyst\u0119powania nadu\u017cycia finansowego nale\u017cy&hellip;","_links":{"self":[{"href":"https:\/\/rysie.org\/en\/wp-json\/wp\/v2\/pages\/209","targetHints":{"allow":["GET"]}}],"collection":[{"href":"https:\/\/rysie.org\/en\/wp-json\/wp\/v2\/pages"}],"about":[{"href":"https:\/\/rysie.org\/en\/wp-json\/wp\/v2\/types\/page"}],"author":[{"embeddable":true,"href":"https:\/\/rysie.org\/en\/wp-json\/wp\/v2\/users\/1"}],"replies":[{"embeddable":true,"href":"https:\/\/rysie.org\/en\/wp-json\/wp\/v2\/comments?post=209"}],"version-history":[{"count":3,"href":"https:\/\/rysie.org\/en\/wp-json\/wp\/v2\/pages\/209\/revisions"}],"predecessor-version":[{"id":1798,"href":"https:\/\/rysie.org\/en\/wp-json\/wp\/v2\/pages\/209\/revisions\/1798"}],"up":[{"embeddable":true,"href":"https:\/\/rysie.org\/en\/wp-json\/wp\/v2\/pages\/203"}],"wp:attachment":[{"href":"https:\/\/rysie.org\/en\/wp-json\/wp\/v2\/media?parent=209"}],"curies":[{"name":"wp","href":"https:\/\/api.w.org\/{rel}","templated":true}]}}