{"id":215,"date":"2024-06-09T12:49:06","date_gmt":"2024-06-09T12:49:06","guid":{"rendered":"https:\/\/www.rysie.hmcloud.pl\/?page_id=215"},"modified":"2026-03-27T10:56:39","modified_gmt":"2026-03-27T10:56:39","slug":"dokumenty","status":"publish","type":"page","link":"https:\/\/rysie.org\/en\/biblioteka\/dokumenty\/","title":{"rendered":"Documents"},"content":{"rendered":"<p><\/p>\n\n\n\n<div class=\"wp-block-file\"><a id=\"wp-block-file--media-7b8841d2-dbe7-44d5-8385-9d213d8800b3\" href=\"https:\/\/rysie.org\/wp-content\/uploads\/2026\/02\/Impact-report-2025_.pdf\">Impact report 2025<\/a><\/div>\n\n\n\n<div class=\"wp-block-file\"><a id=\"wp-block-file--media-cc3e52fd-f159-449f-8770-9167eb95cad8\" href=\"https:\/\/rysie.org\/wp-content\/uploads\/2025\/10\/Raport-wplywu-realizacji-projektu-2025-Project-101114131-\u2014-LIFE22-NAT-PL-LIFE-LYNX-PL-LT-DE-\u201eExpanding-the-range-of-the-lynx-population-in-northern-Poland.pdf\">Raport-wplywu-realizacji-projektu-2025-Project-101114131-\u2014-LIFE22-NAT-PL-LIFE-LYNX-PL-LT-DE-\u201eExpanding-the-range-of-the-lynx-population-in-northern-Poland<\/a><\/div>\n\n\n\n<div class=\"wp-block-file\"><a id=\"wp-block-file--media-7b8841d2-dbe7-44d5-8385-9d213d8800b3\" href=\"https:\/\/rysie.org\/wp-content\/uploads\/2026\/02\/Impact-report-2024-map.pdf\">Impact report 2024<\/a><\/div>\n\n\n\n<div class=\"wp-block-file\"><a id=\"wp-block-file--media-0d795f50-5651-4faa-b9b3-019505270d57\" href=\"https:\/\/rysie.org\/wp-content\/uploads\/2025\/10\/Raport-wplywu-realizacji-projektu-rok-2024-Project-101114131-\u2014-LIFE22-NAT-PL-LIFE-LYNX-PL-LT-DE-\u201eExpanding-the-range-of-the-lynx-population-in-northern-Poland.pdf\">Raport-wplywu-realizacji-projektu-rok-2024-Project-101114131-\u2014-LIFE22-NAT-PL-LIFE-LYNX-PL-LT-DE-\u201eExpanding-the-range-of-the-lynx-population-in-northern-Poland<\/a><\/div>\n\n\n\n<div class=\"wp-block-file\"><a id=\"wp-block-file--media-7b8841d2-dbe7-44d5-8385-9d213d8800b3\" href=\"https:\/\/rysie.org\/wp-content\/uploads\/2026\/02\/Effectiveness-of-communication-efforts_LT.pdf\">Effectiveness of communication efforts_LT<\/a><\/div>\n\n\n\n<div class=\"wp-block-file\"><a id=\"wp-block-file--media-7b8841d2-dbe7-44d5-8385-9d213d8800b3\" href=\"https:\/\/rysie.org\/wp-content\/uploads\/2026\/02\/Effectiveness-of-communication-efforts_ENG.pdf\">Effectiveness of communication efforts_ENG<\/a><\/div>\n\n\n\n<div class=\"wp-block-file\"><a id=\"wp-block-file--media-7b8841d2-dbe7-44d5-8385-9d213d8800b3\" href=\"https:\/\/rysie.org\/wp-content\/uploads\/2026\/02\/Effectiveness-of-communication-efforts_DE.pdf\">Effectiveness of communication efforts_DE<\/a><\/div>\n\n\n\n<div class=\"wp-block-file\"><a id=\"wp-block-file--media-7b8841d2-dbe7-44d5-8385-9d213d8800b3\" href=\"https:\/\/rysie.org\/wp-content\/uploads\/2026\/02\/Skutecznosc-komunikacyjna-projektu_PL.pdf\">Skutecznos\u0301c\u0301 komunikacyjna projektu_PL<\/a><\/div>\n\n\n\n<div class=\"wp-block-file\"><a id=\"wp-block-file--media-7b8841d2-dbe7-44d5-8385-9d213d8800b3\" href=\"https:\/\/rysie.org\/wp-content\/uploads\/2026\/02\/Economic-impact_LT.pdf\">Economic impact_LT<\/a><\/div>\n\n\n\n<div class=\"wp-block-file\"><a id=\"wp-block-file--media-7b8841d2-dbe7-44d5-8385-9d213d8800b3\" href=\"https:\/\/rysie.org\/wp-content\/uploads\/2026\/02\/Economic-impact_ENG.pdf\">Economic impact_ENG<\/a><\/div>\n\n\n\n<div class=\"wp-block-file\"><a id=\"wp-block-file--media-7b8841d2-dbe7-44d5-8385-9d213d8800b3\" href=\"https:\/\/rysie.org\/wp-content\/uploads\/2026\/02\/Economic-impact_DE.pdf\">Economic impact_DE<\/a><\/div>\n\n\n\n<div class=\"wp-block-file\"><a id=\"wp-block-file--media-7b8841d2-dbe7-44d5-8385-9d213d8800b3\" href=\"https:\/\/rysie.org\/wp-content\/uploads\/2026\/02\/Ocena-wplywu-na-lokalna-gospodarke_PL.pdf\">Ocena wp\u0142ywu na lokalna\u0328 gospodarke\u0328_PL<\/a><\/div>\n\n\n\n<div class=\"wp-block-file\"><a id=\"wp-block-file--media-7b8841d2-dbe7-44d5-8385-9d213d8800b3\" href=\"https:\/\/rysie.org\/wp-content\/uploads\/2026\/02\/Social-impact-report_LT.pdf\">Social impact report_LT<\/a><\/div>\n\n\n\n<div class=\"wp-block-file\"><a id=\"wp-block-file--media-7b8841d2-dbe7-44d5-8385-9d213d8800b3\" href=\"https:\/\/rysie.org\/wp-content\/uploads\/2026\/02\/Social-impact-report_ENG.pdf\">Social impact report_ENG<\/a><\/div>\n\n\n\n<div class=\"wp-block-file\"><a id=\"wp-block-file--media-7b8841d2-dbe7-44d5-8385-9d213d8800b3\" href=\"https:\/\/rysie.org\/wp-content\/uploads\/2026\/02\/Social-impact-report_DE.pdf\">Social impact report_DE<\/a><\/div>\n\n\n\n<p><a href=\"https:\/\/rysie.org\/wp-content\/uploads\/2026\/03\/Raport_koncowy_English-1.pdf\" target=\"_blank\" rel=\"noreferrer noopener\">Spatial analyses of GPS data of lynx reintroduced within the project POIS.02.04.00-00-0143\/16 \u201cThe return of lynx to north-western Poland\u201d with guidelines to the methodology of lynx reintroduction<\/a><\/p>\n\n\n\n<p><a href=\"http:\/\/www.rysie.org\/file\/6d95\/raport_rys.pdf\">Analiza przestrzenna danych GPS rysi reintrodukowanych w ramach projektu POIS.02.04.00-00-0143\/16 \u201ePowr\u00f3t rysia do p\u00f3\u0142nocno-zachodniej Polski\u201d wraz z wytycznymi do metodyki reintrodukcji rysi<\/a><\/p>\n\n\n\n<p><a href=\"http:\/\/www.rysie.org\/file\/d936\/regulamin-nagrody-rysica.pdf\">Regulamin nagrody- rysica<\/a><\/p>\n\n\n\n<p><a href=\"http:\/\/www.rysie.org\/file\/348d\/informacja-genetyczna-do-sprawozdania_2021.pdf\">informacja genetyczna do sprawozdania 2021<\/a><\/p>\n\n\n\n<p><a href=\"http:\/\/www.rysie.org\/file\/e5af\/sprawozdanie-projekt-2021.pdf\">Sprawozdanie z realizacji projektu 2021&nbsp;stan na 30.06.2021<\/a><\/p>\n\n\n\n<p class=\"has-text-align-left\"><a href=\"http:\/\/www.rysie.org\/file\/c01d\/2021_sprawozdanie-z-projektu-pois-02-04-00-00-0143-16.pdf\">Sprawozdanie z realizacji projektu 2021<\/a><\/p>\n\n\n\n<p><a href=\"http:\/\/www.rysie.org\/file\/707b\/sprawozdanie_rys_2020.pdf\">Sprawozdanie z realizacji projektu 2020<\/a><\/p>\n\n\n\n<p><a href=\"http:\/\/www.rysie.org\/file\/6f1a\/sprawozdanie_rys-2019.pdf\">Sprawozdanie z realizacji projektu 2019<\/a><\/p>\n\n\n\n<div style=\"height:100px\" aria-hidden=\"true\" class=\"wp-block-spacer\"><\/div>\n\n\n\n<p><\/p>","protected":false},"excerpt":{"rendered":"<p>Spatial analyses of GPS data of lynx reintroduced within the project POIS.02.04.00-00-0143\/16 \u201cThe return of lynx to north-western Poland\u201d with guidelines to the methodology of lynx reintroduction Analiza przestrzenna danych GPS rysi reintrodukowanych w ramach projektu POIS.02.04.00-00-0143\/16 \u201ePowr\u00f3t rysia do p\u00f3\u0142nocno-zachodniej Polski\u201d wraz z wytycznymi do metodyki reintrodukcji rysi Regulamin nagrody- rysica informacja genetyczna do [&hellip;]<\/p>\n","protected":false},"author":1,"featured_media":0,"parent":213,"menu_order":0,"comment_status":"closed","ping_status":"closed","template":"podstrona","meta":{"_uag_custom_page_level_css":"","footnotes":""},"class_list":["post-215","page","type-page","status-publish","hentry"],"pbg_featured_image_src":{"full":false,"thumbnail":false,"medium":false,"medium_large":false,"large":false,"1536x1536":false,"2048x2048":false,"trp-custom-language-flag":false},"pbg_author_info":{"display_name":"admin","author_link":"https:\/\/rysie.org\/en\/author\/admin\/","author_img":"<img alt='admin' src='https:\/\/secure.gravatar.com\/avatar\/f0d26f69fdd44a7b58185b0c4cc78702?s=128&#038;d=mm&#038;r=g' srcset='https:\/\/secure.gravatar.com\/avatar\/f0d26f69fdd44a7b58185b0c4cc78702?s=256&#038;d=mm&#038;r=g 2x' class='avatar avatar-128 photo' height='128' width='128' loading='lazy' decoding='async'\/>"},"pbg_comment_info":" No Comments","pbg_excerpt":"Spatial analyses of GPS data of lynx reintroduced within the project POIS.02.04.00-00-0143\/16 \u201cThe return of lynx to north-western Poland\u201d with guidelines to the methodology of lynx reintroduction Analiza przestrzenna danych GPS rysi reintrodukowanych w ramach projektu POIS.02.04.00-00-0143\/16 \u201ePowr\u00f3t rysia do p\u00f3\u0142nocno-zachodniej Polski\u201d wraz z wytycznymi do metodyki reintrodukcji rysi Regulamin nagrody- rysica informacja genetyczna do&hellip;","uagb_featured_image_src":{"full":false,"thumbnail":false,"medium":false,"medium_large":false,"large":false,"1536x1536":false,"2048x2048":false,"trp-custom-language-flag":false},"uagb_author_info":{"display_name":"admin","author_link":"https:\/\/rysie.org\/en\/author\/admin\/"},"uagb_comment_info":0,"uagb_excerpt":"Spatial analyses of GPS data of lynx reintroduced within the project POIS.02.04.00-00-0143\/16 \u201cThe return of lynx to north-western Poland\u201d with guidelines to the methodology of lynx reintroduction Analiza przestrzenna danych GPS rysi reintrodukowanych w ramach projektu POIS.02.04.00-00-0143\/16 \u201ePowr\u00f3t rysia do p\u00f3\u0142nocno-zachodniej Polski\u201d wraz z wytycznymi do metodyki reintrodukcji rysi Regulamin nagrody- rysica informacja genetyczna do&hellip;","_links":{"self":[{"href":"https:\/\/rysie.org\/en\/wp-json\/wp\/v2\/pages\/215","targetHints":{"allow":["GET"]}}],"collection":[{"href":"https:\/\/rysie.org\/en\/wp-json\/wp\/v2\/pages"}],"about":[{"href":"https:\/\/rysie.org\/en\/wp-json\/wp\/v2\/types\/page"}],"author":[{"embeddable":true,"href":"https:\/\/rysie.org\/en\/wp-json\/wp\/v2\/users\/1"}],"replies":[{"embeddable":true,"href":"https:\/\/rysie.org\/en\/wp-json\/wp\/v2\/comments?post=215"}],"version-history":[{"count":11,"href":"https:\/\/rysie.org\/en\/wp-json\/wp\/v2\/pages\/215\/revisions"}],"predecessor-version":[{"id":2563,"href":"https:\/\/rysie.org\/en\/wp-json\/wp\/v2\/pages\/215\/revisions\/2563"}],"up":[{"embeddable":true,"href":"https:\/\/rysie.org\/en\/wp-json\/wp\/v2\/pages\/213"}],"wp:attachment":[{"href":"https:\/\/rysie.org\/en\/wp-json\/wp\/v2\/media?parent=215"}],"curies":[{"name":"wp","href":"https:\/\/api.w.org\/{rel}","templated":true}]}}