{"id":372,"date":"2024-06-17T15:53:01","date_gmt":"2024-06-17T15:53:01","guid":{"rendered":"https:\/\/www.rysie.hmcloud.pl\/?page_id=372"},"modified":"2025-07-02T07:46:39","modified_gmt":"2025-07-02T07:46:39","slug":"kontakt","status":"publish","type":"page","link":"https:\/\/rysie.org\/en\/kontakt\/","title":{"rendered":"Contact"},"content":{"rendered":"\n<p><\/p>\n\n\n\n<div class=\"wp-block-columns alignwide is-layout-flex wp-container-core-columns-is-layout-1 wp-block-columns-is-layout-flex\">\n<div class=\"wp-block-column is-layout-flow wp-block-column-is-layout-flow\" style=\"flex-basis:66.66%\"><style id=\"wpforms-css-vars-164\">\n\t\t\t\t#wpforms-164 {\n\t\t\t\t\n\t\t\t}\n\t\t\t<\/style><div class=\"wpforms-container wpforms-container-full wpforms-render-modern\" id=\"wpforms-164\"><form id=\"wpforms-form-164\" class=\"wpforms-validate wpforms-form wpforms-ajax-form\" data-formid=\"164\" method=\"post\" enctype=\"multipart\/form-data\" action=\"\/en\/wp-json\/wp\/v2\/pages\/372\" data-token=\"74897f20f77fc9cc11c6135f97067473\" data-token-time=\"1776405390\"><noscript class=\"wpforms-error-noscript\">Please enable JavaScript in your browser to complete this form.<\/noscript><div id=\"wpforms-error-noscript\" style=\"display: none;\">Please enable JavaScript in your browser to complete this form.<\/div><div class=\"wpforms-field-container\"><div id=\"wpforms-164-field_0-container\" class=\"wpforms-field wpforms-field-name\" data-field-id=\"0\"><fieldset><legend class=\"wpforms-field-label\">Nazwa <span class=\"wpforms-required-label\" aria-hidden=\"true\">*<\/span><\/legend><div class=\"wpforms-field-row wpforms-field-medium\"><div class=\"wpforms-field-row-block wpforms-first wpforms-one-half\"><input type=\"text\" id=\"wpforms-164-field_0\" class=\"wpforms-field-name-first wpforms-field-required\" name=\"wpforms[fields][0][first]\" aria-errormessage=\"wpforms-164-field_0-error\" required><label for=\"wpforms-164-field_0\" class=\"wpforms-field-sublabel after\">First<\/label><\/div><div class=\"wpforms-field-row-block wpforms-one-half\"><input type=\"text\" id=\"wpforms-164-field_0-last\" class=\"wpforms-field-name-last wpforms-field-required\" name=\"wpforms[fields][0][last]\" aria-errormessage=\"wpforms-164-field_0-last-error\" required><label for=\"wpforms-164-field_0-last\" class=\"wpforms-field-sublabel after\">Last<\/label><\/div><\/div><\/fieldset><\/div><div id=\"wpforms-164-field_1-container\" class=\"wpforms-field wpforms-field-email\" data-field-id=\"1\"><label class=\"wpforms-field-label\" for=\"wpforms-164-field_1\">Adres e-mail <span class=\"wpforms-required-label\" aria-hidden=\"true\">*<\/span><\/label><input type=\"email\" id=\"wpforms-164-field_1\" class=\"wpforms-field-medium wpforms-field-required\" name=\"wpforms[fields][1]\" spellcheck=\"false\" aria-errormessage=\"wpforms-164-field_1-error\" required><\/div><div id=\"wpforms-164-field_2-container\" class=\"wpforms-field wpforms-field-textarea\" data-field-id=\"2\"><label class=\"wpforms-field-label\" for=\"wpforms-164-field_2\">Komentarz lub wiadomo\u015b\u0107<\/label><textarea id=\"wpforms-164-field_2\" class=\"wpforms-field-medium\" name=\"wpforms[fields][2]\" aria-errormessage=\"wpforms-164-field_2-error\" ><\/textarea><\/div><\/div><!-- .wpforms-field-container --><div class=\"wpforms-submit-container\" ><input type=\"hidden\" name=\"wpforms[id]\" value=\"164\"><input type=\"hidden\" name=\"page_title\" value=\"\"><input type=\"hidden\" name=\"page_url\" value=\"https:\/\/rysie.org\/en\/wp-json\/wp\/v2\/pages\/372\"><input type=\"hidden\" name=\"url_referer\" value=\"\"><button type=\"submit\" name=\"wpforms[submit]\" id=\"wpforms-submit-164\" class=\"wpforms-submit\" data-alt-text=\"Wysy\u0142anie...\" data-submit-text=\"Prze\u015blij\" aria-live=\"assertive\" value=\"wpforms-submit\">Prze\u015blij<\/button><img loading=\"lazy\" decoding=\"async\" src=\"https:\/\/rysie.org\/wp-content\/plugins\/wpforms-lite\/assets\/images\/submit-spin.svg\" class=\"wpforms-submit-spinner\" style=\"display: none;\" width=\"26\" height=\"26\" alt=\"Loading\"><\/div><\/form><\/div>  <!-- .wpforms-container -->\n<\/div>\n\n\n\n<div class=\"wp-block-column is-layout-flow wp-block-column-is-layout-flow\" style=\"flex-basis:33.33%\">\n<h2 class=\"wp-block-heading\">Dane kontaktowe<\/h2>\n\n\n\n<h4 class=\"wp-block-heading\">Adres<\/h4>\n\n\n\n<p>Zachodniopomorskie Towarzystwo<br>Przyrodnicze<\/p>\n\n\n\n<p>Jab\u0142onowo 42,<br>78-650 Miros\u0142awiec<\/p>\n\n\n\n<h4 class=\"wp-block-heading\">Adres e-mail<\/h4>\n\n\n\n<p>dzika.zagroda@zubry.org<\/p>\n\n\n\n<h4 class=\"wp-block-heading\">Telefony interwencyjne:<\/h4>\n\n\n\n<p><strong>Magdalena Tracz<\/strong>, tel. 661 647 616,<\/p>\n\n\n\n<p><strong>e-mail<\/strong>:&nbsp;<a href=\"mailto:magdalena.tracz@zubry.org\">magdalena.tracz@zubry.org<\/a><\/p>\n\n\n\n<p><strong>Maciej Tracz<\/strong>, tel. 501 009 692,<\/p>\n\n\n\n<p><strong>e-mail<\/strong>:&nbsp;dzika.zagroda@zubry.org<\/p>\n\n\n\n<p><strong>\u0141ukasz Strejk<\/strong>, tel. 783 811 891<\/p>\n\n\n\n<p><strong>Miko\u0142aj Wi\u0119ckowski<\/strong>, tel. 785 567 505<\/p>\n\n\n\n<p><\/p>\n<\/div>\n<\/div>\n","protected":false},"excerpt":{"rendered":"<p>Dane kontaktowe Adres Zachodniopomorskie TowarzystwoPrzyrodnicze Jab\u0142onowo 42,78-650 Miros\u0142awiec Adres e-mail dzika.zagroda@zubry.org Telefony interwencyjne: Magdalena Tracz, tel. 661 647 616, e-mail:&nbsp;magdalena.tracz@zubry.org Maciej Tracz, tel. 501 009 692, e-mail:&nbsp;dzika.zagroda@zubry.org \u0141ukasz Strejk, tel. 783 811 891 Miko\u0142aj Wi\u0119ckowski, tel. 785 567 505<\/p>","protected":false},"author":1,"featured_media":0,"parent":0,"menu_order":0,"comment_status":"closed","ping_status":"closed","template":"page-no-title","meta":{"_uag_custom_page_level_css":"","footnotes":""},"class_list":["post-372","page","type-page","status-publish","hentry"],"pbg_featured_image_src":{"full":false,"thumbnail":false,"medium":false,"medium_large":false,"large":false,"1536x1536":false,"2048x2048":false,"trp-custom-language-flag":false},"pbg_author_info":{"display_name":"admin","author_link":"https:\/\/rysie.org\/en\/author\/admin\/","author_img":"<img alt='admin' src='https:\/\/secure.gravatar.com\/avatar\/f0d26f69fdd44a7b58185b0c4cc78702?s=128&#038;d=mm&#038;r=g' srcset='https:\/\/secure.gravatar.com\/avatar\/f0d26f69fdd44a7b58185b0c4cc78702?s=256&#038;d=mm&#038;r=g 2x' class='avatar avatar-128 photo' height='128' width='128' loading='lazy' decoding='async'\/>"},"pbg_comment_info":" No Comments","pbg_excerpt":"Dane kontaktowe Adres Zachodniopomorskie TowarzystwoPrzyrodnicze Jab\u0142onowo 42,78-650 Miros\u0142awiec Adres e-mail dzika.zagroda@zubry.org Telefony interwencyjne: Magdalena Tracz, tel. 661 647 616, e-mail:&nbsp;magdalena.tracz@zubry.org Maciej Tracz, tel. 501 009 692, e-mail:&nbsp;dzika.zagroda@zubry.org \u0141ukasz Strejk, tel. 783 811 891 Miko\u0142aj Wi\u0119ckowski, tel. 785 567 505","uagb_featured_image_src":{"full":false,"thumbnail":false,"medium":false,"medium_large":false,"large":false,"1536x1536":false,"2048x2048":false,"trp-custom-language-flag":false},"uagb_author_info":{"display_name":"admin","author_link":"https:\/\/rysie.org\/en\/author\/admin\/"},"uagb_comment_info":0,"uagb_excerpt":"Dane kontaktowe Adres Zachodniopomorskie TowarzystwoPrzyrodnicze Jab\u0142onowo 42,78-650 Miros\u0142awiec Adres e-mail dzika.zagroda@zubry.org Telefony interwencyjne: Magdalena Tracz, tel. 661 647 616, e-mail:&nbsp;magdalena.tracz@zubry.org Maciej Tracz, tel. 501 009 692, e-mail:&nbsp;dzika.zagroda@zubry.org \u0141ukasz Strejk, tel. 783 811 891 Miko\u0142aj Wi\u0119ckowski, tel. 785 567 505","_links":{"self":[{"href":"https:\/\/rysie.org\/en\/wp-json\/wp\/v2\/pages\/372","targetHints":{"allow":["GET"]}}],"collection":[{"href":"https:\/\/rysie.org\/en\/wp-json\/wp\/v2\/pages"}],"about":[{"href":"https:\/\/rysie.org\/en\/wp-json\/wp\/v2\/types\/page"}],"author":[{"embeddable":true,"href":"https:\/\/rysie.org\/en\/wp-json\/wp\/v2\/users\/1"}],"replies":[{"embeddable":true,"href":"https:\/\/rysie.org\/en\/wp-json\/wp\/v2\/comments?post=372"}],"version-history":[{"count":6,"href":"https:\/\/rysie.org\/en\/wp-json\/wp\/v2\/pages\/372\/revisions"}],"predecessor-version":[{"id":2046,"href":"https:\/\/rysie.org\/en\/wp-json\/wp\/v2\/pages\/372\/revisions\/2046"}],"wp:attachment":[{"href":"https:\/\/rysie.org\/en\/wp-json\/wp\/v2\/media?parent=372"}],"curies":[{"name":"wp","href":"https:\/\/api.w.org\/{rel}","templated":true}]}}